{"id":780,"date":"2025-10-14T11:29:32","date_gmt":"2025-10-14T14:29:32","guid":{"rendered":"https:\/\/gratiacards.com\/?post_type=product&#038;p=780"},"modified":"2025-10-21T22:48:58","modified_gmt":"2025-10-22T01:48:58","slug":"global-gratitude-landscapes-of-italy","status":"publish","type":"product","link":"https:\/\/gratiacards.com\/it\/products\/global-gratitude-landscapes-of-italy\/","title":{"rendered":"Gratitudine globale: Paesaggi d'Italia"},"content":{"rendered":"<p>12 biglietti di ringraziamento premium con buste in lino testurizzato preincollate, carta di lusso 100% cotone, stampa in lamina d'oro. Splendidi paesaggi italiani dall'effetto acquerello. Ogni biglietto \u00e8 piegato e contiene una frase sincera all'interno, perfetta per quei momenti in cui c'\u00e8 poco tempo per scrivere un lungo messaggio. Ogni espressione \u00e8 stata accuratamente selezionata per accompagnare e arricchire quel ringraziamento che nasce dal cuore.<\/p>","protected":false},"excerpt":{"rendered":"<p>12 biglietti di ringraziamento premium con buste in lino testurizzato preincollate, carta di lusso 100% cotone, stampa in lamina d'oro. Splendidi paesaggi italiani dall'effetto acquerello. Ogni biglietto \u00e8 piegato e contiene una frase sincera all'interno, perfetta per quei momenti in cui c'\u00e8 poco tempo per scrivere un lungo messaggio. Ogni espressione \u00e8 stata accuratamente selezionata per accompagnare e arricchire quel ringraziamento che nasce dal cuore.<\/p>","protected":false},"featured_media":781,"comment_status":"open","ping_status":"closed","template":"","meta":{"_acf_changed":false},"product_brand":[],"product_cat":[62,60,61,38],"product_tag":[],"class_list":{"0":"post-780","1":"product","2":"type-product","3":"status-publish","4":"has-post-thumbnail","6":"product_cat-baby-shower","7":"product_cat-business","8":"product_cat-graduation","9":"product_cat-wedding","11":"first","12":"instock","13":"sale","14":"shipping-taxable","15":"purchasable","16":"product-type-simple"},"acf":[],"yoast_head":"<!-- This site is optimized with the Yoast SEO plugin v27.2 - https:\/\/yoast.com\/product\/yoast-seo-wordpress\/ -->\n<title>Global Gratitude: Landscapes of Italy - GratiaCards<\/title>\n<meta name=\"robots\" content=\"index, follow, max-snippet:-1, max-image-preview:large, max-video-preview:-1\" \/>\n<link rel=\"canonical\" href=\"https:\/\/gratiacards.com\/it\/products\/global-gratitude-landscapes-of-italy\/\" \/>\n<meta property=\"og:locale\" content=\"it_IT\" \/>\n<meta property=\"og:type\" content=\"article\" \/>\n<meta property=\"og:title\" content=\"Global Gratitude: Landscapes of Italy - GratiaCards\" \/>\n<meta property=\"og:description\" content=\"12 Premium Thank You Cards with pre-glued texturized linen envelopes, luxury, 100% cotton paper, gold foil press. Beautiful watercolor-look italian landscapes. . Each card is folded and holds a heartfelt phrase inside, perfect for those moments when there\u2019s little time to write a long message. Every expression was carefully selected to accompany and enrich that thank you born from the heart.\" \/>\n<meta property=\"og:url\" content=\"https:\/\/gratiacards.com\/it\/products\/global-gratitude-landscapes-of-italy\/\" \/>\n<meta property=\"og:site_name\" content=\"GratiaCards\" \/>\n<meta property=\"article:modified_time\" content=\"2025-10-22T01:48:58+00:00\" \/>\n<meta property=\"og:image\" content=\"https:\/\/gratiacards.com\/wp-content\/uploads\/2025\/10\/0001-scaled.jpg\" \/>\n\t<meta property=\"og:image:width\" content=\"2560\" \/>\n\t<meta property=\"og:image:height\" content=\"1707\" \/>\n\t<meta property=\"og:image:type\" content=\"image\/jpeg\" \/>\n<meta name=\"twitter:card\" content=\"summary_large_image\" \/>\n<meta name=\"twitter:label1\" content=\"Tempo di lettura stimato\" \/>\n\t<meta name=\"twitter:data1\" content=\"1 minuto\" \/>\n<script type=\"application\/ld+json\" class=\"yoast-schema-graph\">{\"@context\":\"https:\/\/schema.org\",\"@graph\":[{\"@type\":\"WebPage\",\"@id\":\"https:\/\/gratiacards.com\/products\/global-gratitude-landscapes-of-italy\/\",\"url\":\"https:\/\/gratiacards.com\/products\/global-gratitude-landscapes-of-italy\/\",\"name\":\"Global Gratitude: Landscapes of Italy - GratiaCards\",\"isPartOf\":{\"@id\":\"https:\/\/gratiacards.com\/#website\"},\"primaryImageOfPage\":{\"@id\":\"https:\/\/gratiacards.com\/products\/global-gratitude-landscapes-of-italy\/#primaryimage\"},\"image\":{\"@id\":\"https:\/\/gratiacards.com\/products\/global-gratitude-landscapes-of-italy\/#primaryimage\"},\"thumbnailUrl\":\"https:\/\/gratiacards.com\/wp-content\/uploads\/2025\/10\/0001-scaled.jpg\",\"datePublished\":\"2025-10-14T14:29:32+00:00\",\"dateModified\":\"2025-10-22T01:48:58+00:00\",\"breadcrumb\":{\"@id\":\"https:\/\/gratiacards.com\/products\/global-gratitude-landscapes-of-italy\/#breadcrumb\"},\"inLanguage\":\"it-IT\",\"potentialAction\":[{\"@type\":\"ReadAction\",\"target\":[\"https:\/\/gratiacards.com\/products\/global-gratitude-landscapes-of-italy\/\"]}]},{\"@type\":\"ImageObject\",\"inLanguage\":\"it-IT\",\"@id\":\"https:\/\/gratiacards.com\/products\/global-gratitude-landscapes-of-italy\/#primaryimage\",\"url\":\"https:\/\/gratiacards.com\/wp-content\/uploads\/2025\/10\/0001-scaled.jpg\",\"contentUrl\":\"https:\/\/gratiacards.com\/wp-content\/uploads\/2025\/10\/0001-scaled.jpg\",\"width\":2560,\"height\":1707},{\"@type\":\"BreadcrumbList\",\"@id\":\"https:\/\/gratiacards.com\/products\/global-gratitude-landscapes-of-italy\/#breadcrumb\",\"itemListElement\":[{\"@type\":\"ListItem\",\"position\":1,\"name\":\"Home\",\"item\":\"https:\/\/gratiacards.com\/\"},{\"@type\":\"ListItem\",\"position\":2,\"name\":\"Products\",\"item\":\"https:\/\/gratiacards.com\/shop\/\"},{\"@type\":\"ListItem\",\"position\":3,\"name\":\"Global Gratitude: Landscapes of Italy\"}]},{\"@type\":\"WebSite\",\"@id\":\"https:\/\/gratiacards.com\/#website\",\"url\":\"https:\/\/gratiacards.com\/\",\"name\":\"GratiaCards\",\"description\":\"Elegant and meaningful greeting cards designed to express gratitude and celebrate life\u2019s special moments. Discover Gratia Cards today\",\"publisher\":{\"@id\":\"https:\/\/gratiacards.com\/#organization\"},\"potentialAction\":[{\"@type\":\"SearchAction\",\"target\":{\"@type\":\"EntryPoint\",\"urlTemplate\":\"https:\/\/gratiacards.com\/?s={search_term_string}\"},\"query-input\":{\"@type\":\"PropertyValueSpecification\",\"valueRequired\":true,\"valueName\":\"search_term_string\"}}],\"inLanguage\":\"it-IT\"},{\"@type\":\"Organization\",\"@id\":\"https:\/\/gratiacards.com\/#organization\",\"name\":\"GratiaCards\",\"url\":\"https:\/\/gratiacards.com\/\",\"logo\":{\"@type\":\"ImageObject\",\"inLanguage\":\"it-IT\",\"@id\":\"https:\/\/gratiacards.com\/#\/schema\/logo\/image\/\",\"url\":\"https:\/\/gratiacards.com\/wp-content\/uploads\/2026\/01\/Logo-gratia-512x512-2.png\",\"contentUrl\":\"https:\/\/gratiacards.com\/wp-content\/uploads\/2026\/01\/Logo-gratia-512x512-2.png\",\"width\":512,\"height\":512,\"caption\":\"GratiaCards\"},\"image\":{\"@id\":\"https:\/\/gratiacards.com\/#\/schema\/logo\/image\/\"}}]}<\/script>\n<!-- \/ Yoast SEO plugin. -->","yoast_head_json":{"title":"Global Gratitude: Landscapes of Italy - GratiaCards","robots":{"index":"index","follow":"follow","max-snippet":"max-snippet:-1","max-image-preview":"max-image-preview:large","max-video-preview":"max-video-preview:-1"},"canonical":"https:\/\/gratiacards.com\/it\/products\/global-gratitude-landscapes-of-italy\/","og_locale":"it_IT","og_type":"article","og_title":"Global Gratitude: Landscapes of Italy - GratiaCards","og_description":"12 Premium Thank You Cards with pre-glued texturized linen envelopes, luxury, 100% cotton paper, gold foil press. Beautiful watercolor-look italian landscapes. . Each card is folded and holds a heartfelt phrase inside, perfect for those moments when there\u2019s little time to write a long message. Every expression was carefully selected to accompany and enrich that thank you born from the heart.","og_url":"https:\/\/gratiacards.com\/it\/products\/global-gratitude-landscapes-of-italy\/","og_site_name":"GratiaCards","article_modified_time":"2025-10-22T01:48:58+00:00","og_image":[{"width":2560,"height":1707,"url":"https:\/\/gratiacards.com\/wp-content\/uploads\/2025\/10\/0001-scaled.jpg","type":"image\/jpeg"}],"twitter_card":"summary_large_image","twitter_misc":{"Tempo di lettura stimato":"1 minuto"},"schema":{"@context":"https:\/\/schema.org","@graph":[{"@type":"WebPage","@id":"https:\/\/gratiacards.com\/products\/global-gratitude-landscapes-of-italy\/","url":"https:\/\/gratiacards.com\/products\/global-gratitude-landscapes-of-italy\/","name":"Global Gratitude: Landscapes of Italy - GratiaCards","isPartOf":{"@id":"https:\/\/gratiacards.com\/#website"},"primaryImageOfPage":{"@id":"https:\/\/gratiacards.com\/products\/global-gratitude-landscapes-of-italy\/#primaryimage"},"image":{"@id":"https:\/\/gratiacards.com\/products\/global-gratitude-landscapes-of-italy\/#primaryimage"},"thumbnailUrl":"https:\/\/gratiacards.com\/wp-content\/uploads\/2025\/10\/0001-scaled.jpg","datePublished":"2025-10-14T14:29:32+00:00","dateModified":"2025-10-22T01:48:58+00:00","breadcrumb":{"@id":"https:\/\/gratiacards.com\/products\/global-gratitude-landscapes-of-italy\/#breadcrumb"},"inLanguage":"it-IT","potentialAction":[{"@type":"ReadAction","target":["https:\/\/gratiacards.com\/products\/global-gratitude-landscapes-of-italy\/"]}]},{"@type":"ImageObject","inLanguage":"it-IT","@id":"https:\/\/gratiacards.com\/products\/global-gratitude-landscapes-of-italy\/#primaryimage","url":"https:\/\/gratiacards.com\/wp-content\/uploads\/2025\/10\/0001-scaled.jpg","contentUrl":"https:\/\/gratiacards.com\/wp-content\/uploads\/2025\/10\/0001-scaled.jpg","width":2560,"height":1707},{"@type":"BreadcrumbList","@id":"https:\/\/gratiacards.com\/products\/global-gratitude-landscapes-of-italy\/#breadcrumb","itemListElement":[{"@type":"ListItem","position":1,"name":"Home","item":"https:\/\/gratiacards.com\/"},{"@type":"ListItem","position":2,"name":"Products","item":"https:\/\/gratiacards.com\/shop\/"},{"@type":"ListItem","position":3,"name":"Global Gratitude: Landscapes of Italy"}]},{"@type":"WebSite","@id":"https:\/\/gratiacards.com\/#website","url":"https:\/\/gratiacards.com\/","name":"GratiaCards","description":"Elegant and meaningful greeting cards designed to express gratitude and celebrate life\u2019s special moments. Discover Gratia Cards today","publisher":{"@id":"https:\/\/gratiacards.com\/#organization"},"potentialAction":[{"@type":"SearchAction","target":{"@type":"EntryPoint","urlTemplate":"https:\/\/gratiacards.com\/?s={search_term_string}"},"query-input":{"@type":"PropertyValueSpecification","valueRequired":true,"valueName":"search_term_string"}}],"inLanguage":"it-IT"},{"@type":"Organization","@id":"https:\/\/gratiacards.com\/#organization","name":"GratiaCards","url":"https:\/\/gratiacards.com\/","logo":{"@type":"ImageObject","inLanguage":"it-IT","@id":"https:\/\/gratiacards.com\/#\/schema\/logo\/image\/","url":"https:\/\/gratiacards.com\/wp-content\/uploads\/2026\/01\/Logo-gratia-512x512-2.png","contentUrl":"https:\/\/gratiacards.com\/wp-content\/uploads\/2026\/01\/Logo-gratia-512x512-2.png","width":512,"height":512,"caption":"GratiaCards"},"image":{"@id":"https:\/\/gratiacards.com\/#\/schema\/logo\/image\/"}}]}},"_links":{"self":[{"href":"https:\/\/gratiacards.com\/it\/wp-json\/wp\/v2\/product\/780","targetHints":{"allow":["GET"]}}],"collection":[{"href":"https:\/\/gratiacards.com\/it\/wp-json\/wp\/v2\/product"}],"about":[{"href":"https:\/\/gratiacards.com\/it\/wp-json\/wp\/v2\/types\/product"}],"replies":[{"embeddable":true,"href":"https:\/\/gratiacards.com\/it\/wp-json\/wp\/v2\/comments?post=780"}],"wp:featuredmedia":[{"embeddable":true,"href":"https:\/\/gratiacards.com\/it\/wp-json\/wp\/v2\/media\/781"}],"wp:attachment":[{"href":"https:\/\/gratiacards.com\/it\/wp-json\/wp\/v2\/media?parent=780"}],"wp:term":[{"taxonomy":"product_brand","embeddable":true,"href":"https:\/\/gratiacards.com\/it\/wp-json\/wp\/v2\/product_brand?post=780"},{"taxonomy":"product_cat","embeddable":true,"href":"https:\/\/gratiacards.com\/it\/wp-json\/wp\/v2\/product_cat?post=780"},{"taxonomy":"product_tag","embeddable":true,"href":"https:\/\/gratiacards.com\/it\/wp-json\/wp\/v2\/product_tag?post=780"}],"curies":[{"name":"wp","href":"https:\/\/api.w.org\/{rel}","templated":true}]}}